{"id":133,"date":"2018-01-22T17:06:24","date_gmt":"2018-01-22T16:06:24","guid":{"rendered":"http:\/\/bad-fn.de\/neu\/?page_id=133"},"modified":"2021-07-24T00:41:07","modified_gmt":"2021-07-23T22:41:07","slug":"leistungen","status":"publish","type":"page","link":"https:\/\/visitenkarte.bad-fn.de\/?page_id=133","title":{"rendered":"Leistungen"},"content":{"rendered":"<div id=\"pl-133\"  class=\"panel-layout\" ><div id=\"pg-133-0\"  class=\"panel-grid panel-no-style\" ><div id=\"pgc-133-0-0\"  class=\"panel-grid-cell\" ><div id=\"panel-133-0-0-0\" class=\"so-panel widget widget_sow-image panel-first-child panel-last-child\" data-index=\"0\" ><div\n\t\t\t\n\t\t\tclass=\"so-widget-sow-image so-widget-sow-image-default-c67d20f9f743-133\"\n\t\t\t\n\t\t>\n\n<div class=\"sow-image-container\">\n\t\t<img loading=\"lazy\" decoding=\"async\" src=\"https:\/\/visitenkarte.bad-fn.de\/wp-content\/uploads\/2018\/01\/cad_leistungen-768x347.jpg\" width=\"768\" height=\"347\" srcset=\"https:\/\/visitenkarte.bad-fn.de\/wp-content\/uploads\/2018\/01\/cad_leistungen-768x347.jpg 768w, https:\/\/visitenkarte.bad-fn.de\/wp-content\/uploads\/2018\/01\/cad_leistungen-768x347-300x136.jpg 300w\" sizes=\"(max-width: 706px) 89vw, (max-width: 767px) 82vw, 740px\" title=\"cad_leistungen-768&#215;347\" alt=\"\" \t\tclass=\"so-widget-image\"\/>\n\t<\/div>\n\n<\/div><\/div><\/div><\/div><div id=\"pg-133-1\"  class=\"panel-grid panel-no-style\" ><div id=\"pgc-133-1-0\"  class=\"panel-grid-cell panel-grid-cell-empty\" ><\/div><div id=\"pgc-133-1-1\"  class=\"panel-grid-cell panel-grid-cell-mobile-last\" ><div id=\"panel-133-1-1-0\" class=\"so-panel widget widget_sow-editor panel-first-child panel-last-child\" data-index=\"1\" ><div\n\t\t\t\n\t\t\tclass=\"so-widget-sow-editor so-widget-sow-editor-base\"\n\t\t\t\n\t\t>\n<div class=\"siteorigin-widget-tinymce textwidget\">\n\t<p><script type=\"text\/javascript\" async src=\"https:\/\/www.meinungsmeister.de\/js\/widget\/mm-swidget.js?golocalid=10ge8v&scale=1&variant=1\" charset=\"utf-8\"><\/script><\/p>\n<ul>\n<li><span style=\"font-size: 24pt;\">Badumbau - Badrenovierung komplett<\/span><\/li>\n<li><span style=\"font-size: 24pt;\">Gas- und Wasserinstallationen<\/span><\/li>\n<li><span style=\"font-size: 24pt;\">Heizungsinstallation<\/span><\/li>\n<li><span style=\"font-size: 24pt;\">Trockenbausystem im Sanit\u00e4rbereich<\/span><\/li>\n<li><span style=\"font-size: 24pt;\">Fliesenarbeiten<\/span><\/li>\n<li><span style=\"font-size: 24pt;\">Reparaturarbeiten bei Wassersch\u00e4den<\/span><\/li>\n<li><span style=\"font-size: 24pt;\">Wartungs- und Kleinreparaturen<\/span><\/li>\n<li style=\"text-align: left;\"><span style=\"font-size: 24pt; color: #000000;\">Badplanung - Beratung (CAD-Planung)<\/span><\/li>\n<li><span style=\"font-size: 24pt;\">Exklusives Badm\u00f6belprogramm<\/span><\/li>\n<li style=\"text-align: left;\"><span style=\"font-size: 24pt; color: #000000;\">Individuelle Gestaltung Ihres pers\u00f6nlichen Sanit\u00e4rbereichs<\/span><\/li>\n<li><\/li>\n<\/ul>\n<\/div>\n<\/div><\/div><\/div><div id=\"pgc-133-1-2\"  class=\"panel-grid-cell panel-grid-cell-empty\" ><\/div><\/div><div id=\"pg-133-2\"  class=\"panel-grid panel-has-style\" ><div class=\"siteorigin-panels-stretch panel-row-style panel-row-style-for-133-2\" data-stretch-type=\"full-stretched\" ><div id=\"pgc-133-2-0\"  class=\"panel-grid-cell\" ><div id=\"panel-133-2-0-0\" class=\"so-panel widget widget_sow-editor panel-first-child panel-last-child\" data-index=\"2\" ><div class=\"so-parallax panel-widget-style panel-widget-style-for-133-2-0-0\" ><img fetchpriority=\"high\" decoding=\"async\" width=\"1920\" height=\"1275\" src=\"https:\/\/visitenkarte.bad-fn.de\/wp-content\/uploads\/2018\/01\/bathroom-1336167_1920.jpg\" class=\"attachment-full size-full\" alt=\"\" data-siteorigin-parallax=\"true\" loading=\"eager\" srcset=\"https:\/\/visitenkarte.bad-fn.de\/wp-content\/uploads\/2018\/01\/bathroom-1336167_1920.jpg 1920w, https:\/\/visitenkarte.bad-fn.de\/wp-content\/uploads\/2018\/01\/bathroom-1336167_1920-300x199.jpg 300w, https:\/\/visitenkarte.bad-fn.de\/wp-content\/uploads\/2018\/01\/bathroom-1336167_1920-768x510.jpg 768w, https:\/\/visitenkarte.bad-fn.de\/wp-content\/uploads\/2018\/01\/bathroom-1336167_1920-1024x680.jpg 1024w, https:\/\/visitenkarte.bad-fn.de\/wp-content\/uploads\/2018\/01\/bathroom-1336167_1920-272x182.jpg 272w\" sizes=\"100vw\" \/><div\n\t\t\t\n\t\t\tclass=\"so-widget-sow-editor so-widget-sow-editor-base\"\n\t\t\t\n\t\t>\n<div class=\"siteorigin-widget-tinymce textwidget\">\n\t<p style=\"padding-top:300px; text-align: center;\"><span style=\"font-size: 48pt; color: grey;\"><b>S a n i t \u00e4 r&nbsp;&nbsp;|&nbsp;&nbsp;    H e i z u n g    &nbsp;&nbsp;|&nbsp;&nbsp;    F l i e s e n<\/b><\/span><\/p>\n<p style=\"padding-bottom:300px;\">\n<\/div>\n<\/div><\/div><\/div><\/div><\/div><\/div><div id=\"pg-133-3\"  class=\"panel-grid panel-no-style\" ><div id=\"pgc-133-3-0\"  class=\"panel-grid-cell panel-grid-cell-empty\" ><\/div><div id=\"pgc-133-3-1\"  class=\"panel-grid-cell panel-grid-cell-mobile-last\" ><div id=\"panel-133-3-1-0\" class=\"so-panel widget widget_sow-editor panel-first-child panel-last-child\" data-index=\"3\" ><div\n\t\t\t\n\t\t\tclass=\"so-widget-sow-editor so-widget-sow-editor-base\"\n\t\t\t\n\t\t>\n<div class=\"siteorigin-widget-tinymce textwidget\">\n\t<p>&nbsp;<\/p>\n<p><span style=\"font-size: 24pt;\"><strong>Sanit\u00e4r<\/strong><\/span><\/p>\n<p style=\"text-align: justify;\"><span style=\"font-size: 24pt;\">Das Trinkwasser ist unser wichtigstes und wertvollstes Lebensmittel. Wir m\u00f6chten Ihnen helfen Ihr Trinkwasser zu sch\u00fctzen und trotzdem maximalen Nutzen daraus zu ziehen. Uns ist es ein Anliegen, Ihnen Ihre Haustechnik praxis- und bedarfsgerecht zu installieren. Ihre Bad- und Hausinstallation wird von uns nach Ihren W\u00fcnschen - soweit m\u00f6glich - geplant. Wir sind von der Beratung und Planung bis zur Fertigstellung der Sanit\u00e4r- und Heizungsinstallation Ihres Bades Ihr Partner.<\/span><\/p>\n<p>&nbsp;<\/p>\n<\/div>\n<\/div><\/div><\/div><div id=\"pgc-133-3-2\"  class=\"panel-grid-cell panel-grid-cell-empty\" ><\/div><\/div><div id=\"pg-133-4\"  class=\"panel-grid panel-no-style\" ><div id=\"pgc-133-4-0\"  class=\"panel-grid-cell panel-grid-cell-empty\" ><\/div><div id=\"pgc-133-4-1\"  class=\"panel-grid-cell panel-grid-cell-mobile-last\" ><div id=\"panel-133-4-1-0\" class=\"so-panel widget widget_sow-editor panel-first-child panel-last-child\" data-index=\"4\" ><div\n\t\t\t\n\t\t\tclass=\"so-widget-sow-editor so-widget-sow-editor-base\"\n\t\t\t\n\t\t>\n<div class=\"siteorigin-widget-tinymce textwidget\">\n\t<p><span style=\"font-size: 24pt;\"><strong>Heizung<\/strong><\/span><\/p>\n<p style=\"text-align: justify;\"><span style=\"font-size: 24pt;\">Behaglich leben und wohnen ist der Wunsch eines jeden Menschen. Wir helfen Ihnen in Zusammenarbeit mit einem Energieberater bei Ihnen vor Ort daf\u00fcr die richtige Heiztechnik zu finden und zu installieren \u2013 von traditionellen Techniken wie z. B. Fu\u00dfbodenheizung, Radiator und Wandfl\u00e4chenheizung \u00fcber klimaneutrale, regenerative Energien wie thermische Solarenergie, Holzpellet-Heizung, Gasetagen-Heizung oder Gasbrenner-Heizung im Sinne einer positiven \u00d6kobilanz.<\/span><\/p>\n<p>&nbsp;<\/p>\n<\/div>\n<\/div><\/div><\/div><div id=\"pgc-133-4-2\"  class=\"panel-grid-cell panel-grid-cell-empty\" ><\/div><\/div><div id=\"pg-133-5\"  class=\"panel-grid panel-no-style\" ><div id=\"pgc-133-5-0\"  class=\"panel-grid-cell panel-grid-cell-empty\" ><\/div><div id=\"pgc-133-5-1\"  class=\"panel-grid-cell panel-grid-cell-mobile-last\" ><div id=\"panel-133-5-1-0\" class=\"so-panel widget widget_sow-editor panel-first-child panel-last-child\" data-index=\"5\" ><div\n\t\t\t\n\t\t\tclass=\"so-widget-sow-editor so-widget-sow-editor-base\"\n\t\t\t\n\t\t>\n<div class=\"siteorigin-widget-tinymce textwidget\">\n\t<p><span style=\"font-size: 24pt;\"><strong>Fliesen<\/strong><\/span><\/p>\n<p style=\"text-align: justify;\"><span style=\"font-size: 24pt;\">Fliesenarbeiten werden von unseren Die Wahl der richtigen Fliesen rundet Ihr neues Bad ab. Wir haben dazu eine Vielzahl von M\u00f6glichkeiten. Die Fliesen beziehen wir vom \u00f6rtlichen Gro\u00dfhandel. Lassen Sie sich in unserem Ausstellungsraum inspirieren und entwerfen Sie mit uns einen Badezimmertraum ganz nach Ihren W\u00fcnschen und Gegebenheiten. Die Fliesenarbeiten f\u00fchren unsere betriebseigenen Fliesenleger durch.<\/span><\/p>\n<\/div>\n<\/div><\/div><\/div><div id=\"pgc-133-5-2\"  class=\"panel-grid-cell panel-grid-cell-empty\" ><\/div><\/div><\/div>","protected":false},"excerpt":{"rendered":"<p>Badumbau &#8211; Badrenovierung komplett Gas- und Wasserinstallationen Heizungsinstallation Trockenbausystem im Sanit\u00e4rbereich Fliesenarbeiten Reparaturarbeiten bei Wassersch\u00e4den Wartungs- und Kleinreparaturen Badplanung &#8211; Beratung (CAD-Planung) Exklusives Badm\u00f6belprogramm Individuelle Gestaltung Ihres pers\u00f6nlichen Sanit\u00e4rbereichs<\/p>\n","protected":false},"author":2,"featured_media":0,"parent":0,"menu_order":1,"comment_status":"closed","ping_status":"closed","template":"","meta":{"footnotes":""},"_links":{"self":[{"href":"https:\/\/visitenkarte.bad-fn.de\/index.php?rest_route=\/wp\/v2\/pages\/133"}],"collection":[{"href":"https:\/\/visitenkarte.bad-fn.de\/index.php?rest_route=\/wp\/v2\/pages"}],"about":[{"href":"https:\/\/visitenkarte.bad-fn.de\/index.php?rest_route=\/wp\/v2\/types\/page"}],"author":[{"embeddable":true,"href":"https:\/\/visitenkarte.bad-fn.de\/index.php?rest_route=\/wp\/v2\/users\/2"}],"replies":[{"embeddable":true,"href":"https:\/\/visitenkarte.bad-fn.de\/index.php?rest_route=%2Fwp%2Fv2%2Fcomments&post=133"}],"version-history":[{"count":33,"href":"https:\/\/visitenkarte.bad-fn.de\/index.php?rest_route=\/wp\/v2\/pages\/133\/revisions"}],"predecessor-version":[{"id":252,"href":"https:\/\/visitenkarte.bad-fn.de\/index.php?rest_route=\/wp\/v2\/pages\/133\/revisions\/252"}],"wp:attachment":[{"href":"https:\/\/visitenkarte.bad-fn.de\/index.php?rest_route=%2Fwp%2Fv2%2Fmedia&parent=133"}],"curies":[{"name":"wp","href":"https:\/\/api.w.org\/{rel}","templated":true}]}}